{"id":4053,"date":"2025-12-28T12:27:34","date_gmt":"2025-12-28T11:27:34","guid":{"rendered":"https:\/\/coachingbyastrology.com\/terms-and-conditions\/"},"modified":"2025-12-28T12:27:34","modified_gmt":"2025-12-28T11:27:34","slug":"terms-and-conditions","status":"publish","type":"page","link":"https:\/\/coachingbyastrology.com\/en\/terms-and-conditions\/","title":{"rendered":"Terms and Conditions"},"content":{"rendered":"<div class=\"fusion-fullwidth fullwidth-box fusion-builder-row-1 fusion-flex-container nonhundred-percent-fullwidth non-hundred-percent-height-scrolling\" style=\"--awb-border-radius-top-left:0px;--awb-border-radius-top-right:0px;--awb-border-radius-bottom-right:0px;--awb-border-radius-bottom-left:0px;--awb-flex-wrap:wrap;\" ><div class=\"fusion-builder-row fusion-row fusion-flex-align-items-flex-start fusion-flex-content-wrap\" style=\"max-width:1372.8px;margin-left: calc(-4% \/ 2 );margin-right: calc(-4% \/ 2 );\"><div class=\"fusion-layout-column fusion_builder_column fusion-builder-column-0 fusion_builder_column_1_1 1_1 fusion-flex-column\" style=\"--awb-bg-blend:overlay;--awb-bg-size:cover;--awb-width-large:100%;--awb-margin-top-large:0px;--awb-spacing-right-large:1.92%;--awb-margin-bottom-large:0px;--awb-spacing-left-large:1.92%;--awb-width-medium:100%;--awb-spacing-right-medium:1.92%;--awb-spacing-left-medium:1.92%;--awb-width-small:100%;--awb-spacing-right-small:1.92%;--awb-spacing-left-small:1.92%;\"><div class=\"fusion-column-wrapper fusion-flex-justify-content-flex-start fusion-content-layout-column\"><div class=\"fusion-text fusion-text-1\"><h1 style=\"font-size: 42px; text-align: center; font-weight: bold; margin-bottom: 80px;\">GENERAL TERMS AND CONDITION<\/h1>\n<p>Institute Coaching by Astrology (ICbA)<br \/>\nHeadquarters: Slovenia<br \/>\nAdministrator: Milo\u0161 Ru\u017ei\u010d<br \/>\nWebsite: www.coachingbyastrology.com<br \/>\nDate: 14. 7. 2025 07. 2025<\/p>\n<h3>1. GENERAL PROVISIONS<\/h3>\n<p>These general terms and conditions (hereinafter: Terms) apply to the use of the website www.coachingbyastrology.com and all services, products, and content offered by the Institute Coaching by Astrology (hereinafter: ICbA).<br \/>\nICbA offers counseling, coaching, astrological analysis, and other related services for personal and spiritual development.<\/p>\n<h3>2. USE OF THE WEBSITE<\/h3>\n<p>By using the website www.coachingbyastrology.com, the user agrees to these Terms and conditions and confirms that they are familiar with them.<br \/>\nUsers access and use the website at their own responsibility.<br \/>\nIt is prohibited to use the website for illegal purposes, including publishing content that violates the law or copyrights.<\/p>\n<h3>3. SERVICES AND LIABILITIES<\/h3>\n<p>ICbA services are not a substitute for official medical or psychological assistance. They are alternative forms of assistance and personal development.<br \/>\nThe user expressly agrees that ICbA is not responsible for any consequences arising from the use of its services or content. <\/p>\n<h3>4. PROTECTION OF PERSONAL DATA<\/h3>\n<p>By using the ICbA website and services, the user consents to the processing of personal data in accordance with applicable legislation.<br \/>\nICbA collects personal data such as e-mail address, first and last name for the purposes of sending e-newsletters, providing advice, and performing ordered services.<br \/>\nGoogle Analytics is used to analyze website traffic, and advertising tools such as Facebook Pixel and similar trackers may be used.<\/p>\n<h3>5. COPYRIGHT<\/h3>\n<p>All content on the ICbA website (text, images, video content, etc.) is copyright protected and may not be copied or used without the written consent of ICbA.<\/p>\n<h3>6. USER RIGHTS AND OBLIGATIONS<\/h3>\n<p>The user agrees to use the website in accordance with applicable law and not to interfere with the operation of the site or perform actions that could harm the provider or other users.<\/p>\n<h3>7. FINAL PROVISIONS<\/h3>\n<p>These Terms and conditions are subject to change from time to time. Any changes will be published on the website and will take effect on the date of publication.<br \/>\nAny disputes shall be settled by the competent court in the Republic of Slovenia. <\/p>\n<h3>8. PRICES AND PAYMENTS<\/h3>\n<ul>\n<li>All prices for ICbA services are expressed in euros (\u20ac).<\/li>\n<li>In accordance with Article 94 of of the Value Added Tax Act (ZDDV-1), VAT is not charged. The following clause will be added to each invoice issued:<br \/>\n&#8220;In accordance with Article 94 of ZDDV-1, VAT is not charged.&#8221;  <\/li>\n<li>Prices apply to orders placed via the Bookly online form on the website www.coachingbyastrology.com.<\/li>\n<li>Payment is made according to the instructions provided to the client upon confirmation of the appointment.<\/li>\n<li>Services marked as &#8220;contractual&#8221; are intended exclusively for contractual parties. These services are not charged separately, as they are already covered by the contractual agreement. <\/li>\n<\/ul>\n<h4>Service duration<\/h4>\n<ul>\n<li>Initial visit &#8211; 30 minutes (0.5 hours)<\/li>\n<li>Consultation (one session) \u2013 (1 hour)<\/li>\n<li>Initial visit + Consultation (one session) \u2013 (1.5 hours)<\/li>\n<li>Consultation (three sessions) \u2013 (3 hours)<\/li>\n<li>Consultation (five sessions) \u2013 (5 hours)<\/li>\n<li>Initial visit + Consultation (three sessions) \u2013 (3.5 hours)<\/li>\n<li>Initial visit + Consultation (five sessions) \u2013 (5.5 hours)<\/li>\n<\/ul>\n<h4>Price list<\/h4>\n<p>Life Coaching<\/p>\n<ul>\n<li>Initial visit \u2013 30 \u20ac (30 minutes)<\/li>\n<li>Consultation (one session) \u2013 50 \u20ac<\/li>\n<li>Initial visit + Consultation (one session) \u2013 75 \u20ac<\/li>\n<li>Consultation (three sessions) \u2013 135 \u20ac<\/li>\n<li>Consultation (five sessions) \u2013 200 \u20ac<\/li>\n<li>Initial visit + Consultation (three sessions) \u2013 155 \u20ac<\/li>\n<li>Initial visit + Consultation (five sessions) \u2013 215 \u20ac<\/li>\n<li>Consulting (by contract) \u2013 0 \u20ac<\/li>\n<\/ul>\n<p>Sports Coaching<\/p>\n<ul>\n<li>Initial visit \u2013 30 \u20ac (30 minutes)<\/li>\n<li>Consultation (one session) \u2013 50 \u20ac<\/li>\n<li>Initial visit + Consultation (one session) \u2013 75 \u20ac<\/li>\n<li>Consultation (three sessions) \u2013 135 \u20ac<\/li>\n<li>Consultation (five sessions) \u2013 200 \u20ac<\/li>\n<li>Initial visit + Consultation (three sessions) \u2013 155 \u20ac<\/li>\n<li>Initial visit + Consultation (five sessions) \u2013 215 \u20ac<\/li>\n<li>Consulting (by contract) \u2013 0 \u20ac<\/li>\n<\/ul>\n<p>Business Coaching<\/p>\n<ul>\n<li>Initial visit \u2013 30 \u20ac (30 minutes)<\/li>\n<li>Consultation (one session) \u2013 50 \u20ac<\/li>\n<li>Initial visit + Consultation (one session) \u2013 75 \u20ac<\/li>\n<li>Consultation (three sessions) \u2013 135 \u20ac<\/li>\n<li>Consultation (five sessions) \u2013 200 \u20ac<\/li>\n<li>Initial visit + Consultation (three sessions) \u2013 155 \u20ac<\/li>\n<li>Initial visit + Consultation (five sessions) \u2013 215 \u20ac<\/li>\n<li>Consulting (by contract) \u2013 0 \u20ac<\/li>\n<\/ul>\n<\/div><\/div><\/div><\/div><\/div>\n","protected":false},"excerpt":{"rendered":"","protected":false},"author":1,"featured_media":0,"parent":0,"menu_order":0,"comment_status":"closed","ping_status":"closed","template":"100-width.php","meta":{"footnotes":""},"class_list":["post-4053","page","type-page","status-publish","hentry"],"yoast_head":"<!-- This site is optimized with the Yoast SEO plugin v27.4 - https:\/\/yoast.com\/product\/yoast-seo-wordpress\/ -->\n<title>Terms and Conditions - ZSVA<\/title>\n<meta name=\"robots\" content=\"index, follow, max-snippet:-1, max-image-preview:large, max-video-preview:-1\" \/>\n<link rel=\"canonical\" href=\"https:\/\/coachingbyastrology.com\/en\/terms-and-conditions\/\" \/>\n<meta property=\"og:locale\" content=\"en_US\" \/>\n<meta property=\"og:type\" content=\"article\" \/>\n<meta property=\"og:title\" content=\"Terms and Conditions - ZSVA\" \/>\n<meta property=\"og:url\" content=\"https:\/\/coachingbyastrology.com\/en\/terms-and-conditions\/\" \/>\n<meta property=\"og:site_name\" content=\"ZSVA\" \/>\n<meta name=\"twitter:card\" content=\"summary_large_image\" \/>\n<meta name=\"twitter:label1\" content=\"Est. reading time\" \/>\n\t<meta name=\"twitter:data1\" content=\"4 minutes\" \/>\n<script type=\"application\/ld+json\" class=\"yoast-schema-graph\">{\"@context\":\"https:\\\/\\\/schema.org\",\"@graph\":[{\"@type\":\"WebPage\",\"@id\":\"https:\\\/\\\/coachingbyastrology.com\\\/en\\\/terms-and-conditions\\\/\",\"url\":\"https:\\\/\\\/coachingbyastrology.com\\\/en\\\/terms-and-conditions\\\/\",\"name\":\"Terms and Conditions - ZSVA\",\"isPartOf\":{\"@id\":\"https:\\\/\\\/coachingbyastrology.com\\\/en\\\/#website\"},\"datePublished\":\"2025-12-28T11:27:34+00:00\",\"breadcrumb\":{\"@id\":\"https:\\\/\\\/coachingbyastrology.com\\\/en\\\/terms-and-conditions\\\/#breadcrumb\"},\"inLanguage\":\"en-US\",\"potentialAction\":[{\"@type\":\"ReadAction\",\"target\":[\"https:\\\/\\\/coachingbyastrology.com\\\/en\\\/terms-and-conditions\\\/\"]}]},{\"@type\":\"BreadcrumbList\",\"@id\":\"https:\\\/\\\/coachingbyastrology.com\\\/en\\\/terms-and-conditions\\\/#breadcrumb\",\"itemListElement\":[{\"@type\":\"ListItem\",\"position\":1,\"name\":\"Home\",\"item\":\"https:\\\/\\\/coachingbyastrology.com\\\/en\\\/home\\\/\"},{\"@type\":\"ListItem\",\"position\":2,\"name\":\"Terms and Conditions\"}]},{\"@type\":\"WebSite\",\"@id\":\"https:\\\/\\\/coachingbyastrology.com\\\/en\\\/#website\",\"url\":\"https:\\\/\\\/coachingbyastrology.com\\\/en\\\/\",\"name\":\"ZSVA \u2013 Coaching by Astrology\",\"description\":\"Coaching By Astrology\",\"publisher\":{\"@id\":\"https:\\\/\\\/coachingbyastrology.com\\\/en\\\/#organization\"},\"potentialAction\":[{\"@type\":\"SearchAction\",\"target\":{\"@type\":\"EntryPoint\",\"urlTemplate\":\"https:\\\/\\\/coachingbyastrology.com\\\/en\\\/?s={search_term_string}\"},\"query-input\":{\"@type\":\"PropertyValueSpecification\",\"valueRequired\":true,\"valueName\":\"search_term_string\"}}],\"inLanguage\":\"en-US\"},{\"@type\":\"Organization\",\"@id\":\"https:\\\/\\\/coachingbyastrology.com\\\/en\\\/#organization\",\"name\":\"ZSVA \u2013 Coaching by Astrology\",\"url\":\"https:\\\/\\\/coachingbyastrology.com\\\/en\\\/\",\"logo\":{\"@type\":\"ImageObject\",\"inLanguage\":\"en-US\",\"@id\":\"https:\\\/\\\/coachingbyastrology.com\\\/en\\\/#\\\/schema\\\/logo\\\/image\\\/\",\"url\":\"https:\\\/\\\/coachingbyastrology.com\\\/wp-content\\\/uploads\\\/2025\\\/04\\\/Logotip_ZSVA_black.png\",\"contentUrl\":\"https:\\\/\\\/coachingbyastrology.com\\\/wp-content\\\/uploads\\\/2025\\\/04\\\/Logotip_ZSVA_black.png\",\"width\":1024,\"height\":1046,\"caption\":\"ZSVA \u2013 Coaching by Astrology\"},\"image\":{\"@id\":\"https:\\\/\\\/coachingbyastrology.com\\\/en\\\/#\\\/schema\\\/logo\\\/image\\\/\"}}]}<\/script>\n<!-- \/ Yoast SEO plugin. -->","yoast_head_json":{"title":"Terms and Conditions - ZSVA","robots":{"index":"index","follow":"follow","max-snippet":"max-snippet:-1","max-image-preview":"max-image-preview:large","max-video-preview":"max-video-preview:-1"},"canonical":"https:\/\/coachingbyastrology.com\/en\/terms-and-conditions\/","og_locale":"en_US","og_type":"article","og_title":"Terms and Conditions - ZSVA","og_url":"https:\/\/coachingbyastrology.com\/en\/terms-and-conditions\/","og_site_name":"ZSVA","twitter_card":"summary_large_image","twitter_misc":{"Est. reading time":"4 minutes"},"schema":{"@context":"https:\/\/schema.org","@graph":[{"@type":"WebPage","@id":"https:\/\/coachingbyastrology.com\/en\/terms-and-conditions\/","url":"https:\/\/coachingbyastrology.com\/en\/terms-and-conditions\/","name":"Terms and Conditions - ZSVA","isPartOf":{"@id":"https:\/\/coachingbyastrology.com\/en\/#website"},"datePublished":"2025-12-28T11:27:34+00:00","breadcrumb":{"@id":"https:\/\/coachingbyastrology.com\/en\/terms-and-conditions\/#breadcrumb"},"inLanguage":"en-US","potentialAction":[{"@type":"ReadAction","target":["https:\/\/coachingbyastrology.com\/en\/terms-and-conditions\/"]}]},{"@type":"BreadcrumbList","@id":"https:\/\/coachingbyastrology.com\/en\/terms-and-conditions\/#breadcrumb","itemListElement":[{"@type":"ListItem","position":1,"name":"Home","item":"https:\/\/coachingbyastrology.com\/en\/home\/"},{"@type":"ListItem","position":2,"name":"Terms and Conditions"}]},{"@type":"WebSite","@id":"https:\/\/coachingbyastrology.com\/en\/#website","url":"https:\/\/coachingbyastrology.com\/en\/","name":"ZSVA \u2013 Coaching by Astrology","description":"Coaching By Astrology","publisher":{"@id":"https:\/\/coachingbyastrology.com\/en\/#organization"},"potentialAction":[{"@type":"SearchAction","target":{"@type":"EntryPoint","urlTemplate":"https:\/\/coachingbyastrology.com\/en\/?s={search_term_string}"},"query-input":{"@type":"PropertyValueSpecification","valueRequired":true,"valueName":"search_term_string"}}],"inLanguage":"en-US"},{"@type":"Organization","@id":"https:\/\/coachingbyastrology.com\/en\/#organization","name":"ZSVA \u2013 Coaching by Astrology","url":"https:\/\/coachingbyastrology.com\/en\/","logo":{"@type":"ImageObject","inLanguage":"en-US","@id":"https:\/\/coachingbyastrology.com\/en\/#\/schema\/logo\/image\/","url":"https:\/\/coachingbyastrology.com\/wp-content\/uploads\/2025\/04\/Logotip_ZSVA_black.png","contentUrl":"https:\/\/coachingbyastrology.com\/wp-content\/uploads\/2025\/04\/Logotip_ZSVA_black.png","width":1024,"height":1046,"caption":"ZSVA \u2013 Coaching by Astrology"},"image":{"@id":"https:\/\/coachingbyastrology.com\/en\/#\/schema\/logo\/image\/"}}]}},"_links":{"self":[{"href":"https:\/\/coachingbyastrology.com\/en\/wp-json\/wp\/v2\/pages\/4053","targetHints":{"allow":["GET"]}}],"collection":[{"href":"https:\/\/coachingbyastrology.com\/en\/wp-json\/wp\/v2\/pages"}],"about":[{"href":"https:\/\/coachingbyastrology.com\/en\/wp-json\/wp\/v2\/types\/page"}],"author":[{"embeddable":true,"href":"https:\/\/coachingbyastrology.com\/en\/wp-json\/wp\/v2\/users\/1"}],"replies":[{"embeddable":true,"href":"https:\/\/coachingbyastrology.com\/en\/wp-json\/wp\/v2\/comments?post=4053"}],"version-history":[{"count":2,"href":"https:\/\/coachingbyastrology.com\/en\/wp-json\/wp\/v2\/pages\/4053\/revisions"}],"predecessor-version":[{"id":4055,"href":"https:\/\/coachingbyastrology.com\/en\/wp-json\/wp\/v2\/pages\/4053\/revisions\/4055"}],"wp:attachment":[{"href":"https:\/\/coachingbyastrology.com\/en\/wp-json\/wp\/v2\/media?parent=4053"}],"curies":[{"name":"wp","href":"https:\/\/api.w.org\/{rel}","templated":true}]}}